{"id":50,"date":"2018-01-15T17:31:14","date_gmt":"2018-01-15T16:31:14","guid":{"rendered":"https:\/\/johannesseyerlein.de\/wald\/?page_id=50"},"modified":"2018-12-14T19:22:53","modified_gmt":"2018-12-14T18:22:53","slug":"zur-arbeit","status":"publish","type":"page","link":"https:\/\/johannesseyerlein.de\/wald\/zur-arbeit\/","title":{"rendered":"fotograf"},"content":{"rendered":"<p>Johannes Seyerlein<br \/>\ngeboren 1966,<br \/>\nMagister der ev. Theologie an der Ludwig-Maximilians-Universit\u00e4t M\u00fcnchen 2002<br \/>\nStudium an der Akademie der Bildenden K\u00fcnste M\u00fcnchen bei Prof. G\u00fcnther F\u00f6rg<br \/>\n2007 Meistersch\u00fcler \/ Diplom\u00a0 <\/p>\n<p>Arbeiten in<br \/>\nSammlungen Bayerische\u00a0Staatsgem\u00e4ldesammlungen<br \/>\nS.K.H. Herzog Franz von Bayern<br \/>\nE.ON Kunstsammlung<\/p>\n","protected":false},"excerpt":{"rendered":"<p>Johannes Seyerlein geboren 1966, Magister der ev. Theologie an der Ludwig-Maximilians-Universit\u00e4t M\u00fcnchen 2002 Studium an der Akademie der Bildenden K\u00fcnste M\u00fcnchen bei Prof. G\u00fcnther F\u00f6rg 2007 Meistersch\u00fcler \/ Diplom\u00a0 Arbeiten in Sammlungen Bayerische\u00a0Staatsgem\u00e4ldesammlungen S.K.H. Herzog&hellip; <a class=\"excerpt-more-link\" href=\"https:\/\/johannesseyerlein.de\/wald\/zur-arbeit\/\">Read More<\/a><\/p>\n","protected":false},"author":1,"featured_media":0,"parent":0,"menu_order":0,"comment_status":"closed","ping_status":"closed","template":"","meta":{"jetpack_post_was_ever_published":false,"footnotes":""},"class_list":["post-50","page","type-page","status-publish","hentry"],"jetpack_sharing_enabled":true,"jetpack_shortlink":"https:\/\/wp.me\/P9yIPt-O","_links":{"self":[{"href":"https:\/\/johannesseyerlein.de\/wald\/wp-json\/wp\/v2\/pages\/50","targetHints":{"allow":["GET"]}}],"collection":[{"href":"https:\/\/johannesseyerlein.de\/wald\/wp-json\/wp\/v2\/pages"}],"about":[{"href":"https:\/\/johannesseyerlein.de\/wald\/wp-json\/wp\/v2\/types\/page"}],"author":[{"embeddable":true,"href":"https:\/\/johannesseyerlein.de\/wald\/wp-json\/wp\/v2\/users\/1"}],"replies":[{"embeddable":true,"href":"https:\/\/johannesseyerlein.de\/wald\/wp-json\/wp\/v2\/comments?post=50"}],"version-history":[{"count":2,"href":"https:\/\/johannesseyerlein.de\/wald\/wp-json\/wp\/v2\/pages\/50\/revisions"}],"predecessor-version":[{"id":109,"href":"https:\/\/johannesseyerlein.de\/wald\/wp-json\/wp\/v2\/pages\/50\/revisions\/109"}],"wp:attachment":[{"href":"https:\/\/johannesseyerlein.de\/wald\/wp-json\/wp\/v2\/media?parent=50"}],"curies":[{"name":"wp","href":"https:\/\/api.w.org\/{rel}","templated":true}]}}